{"id":123,"date":"2019-12-23T15:51:36","date_gmt":"2019-12-23T14:51:36","guid":{"rendered":"http:\/\/quaranteneuftrois.net\/?page_id=123"},"modified":"2024-01-16T02:19:39","modified_gmt":"2024-01-16T01:19:39","slug":"blog-2","status":"publish","type":"page","link":"https:\/\/quaranteneuftrois.net\/index.php\/blog-2\/","title":{"rendered":"blog"},"content":{"rendered":"\r\n<p>Les annonces de concerts ou d&rsquo;\u00e9v\u00e9nements qui pourraient ou pas concerner cette radio.<\/p>\r\n\r\n\r\n\r\n<p>Pensez aussi que vous pouvez participer \u00e0 la radio en envoyant vos compositions, concerts, \u00e9missions ou bruits en tout genre.<\/p>\r\n\r\n\r\n\r\n<p>L&rsquo;excellent travail des <a href=\"http:\/\/sonofages.free.fr\/Accueil\">sonofages<\/a> qui ont r\u00e9duit leurs activit\u00e9s mais qui commettent une liste de diffusion indispensable si la musique curieuse vous int\u00e9resse et aussi pour ceux qui sont tout simplement curieux.<\/p>\r\n\r\n\r\n\r\n<p><a href=\"http:\/\/sonofages.free.fr\/agenda\/\" target=\"_blank\" rel=\"noreferrer noopener\">Agenda sonofages <\/a>(n&rsquo;oubliez pas de poser la date).<\/p>\r\n\r\n\r\n\r\n<p>En ce qui concerne les concerts \u00e0 venir en ce novembre et d\u00e9cembre \u00e0 suivre deux choses en attendant mieux ; je suis un peu isol\u00e9 avec mon son et mon bruit et si je ne sors pas le nez, je ne sais rien, alors n&rsquo;h\u00e9sitez pas \u00e0 faire vos annonces.<\/p>\r\n\r\n\r\n\r\n<p>Donc les deux choses<\/p>\r\n\r\n\r\n\r\n<p><a href=\"https:\/\/www.le-taquin.fr\/programmation\/dee-nasty\/?wcs_timestamp=1669410000\">Dee Nasty<\/a> au Taquin vendredi 25 novembre \u00e0 21 h<\/p>\r\n\r\n\r\n\r\n<p>et comme tous les premiers dimanches du mois \u00e0 17h toujours au Taquin \u00e0 Toulouse, les concerts de Freddy taquine mais l\u00e0, je ne sais pas pourquoi, ce sera le vendredi 2 d\u00e9cembre \u00e0 21h <a href=\"https:\/\/www.le-taquin.fr\/programmation\/sec-chromb\/?wcs_timestamp=1670014800\">sec et chromb <\/a><\/p>\r\n","protected":false},"excerpt":{"rendered":"<p>Les annonces de concerts ou d&rsquo;\u00e9v\u00e9nements qui pourraient ou pas concerner cette radio. Pensez aussi que vous pouvez participer \u00e0 la radio en envoyant vos compositions, concerts, \u00e9missions ou bruits en tout genre. L&rsquo;excellent travail des sonofages qui ont r\u00e9duit leurs activit\u00e9s mais qui commettent une liste de diffusion indispensable si la musique curieuse vous [&hellip;]<\/p>\n","protected":false},"author":1,"featured_media":0,"parent":0,"menu_order":0,"comment_status":"open","ping_status":"closed","template":"","meta":{"footnotes":""},"class_list":["post-123","page","type-page","status-publish","hentry"],"_links":{"self":[{"href":"https:\/\/quaranteneuftrois.net\/index.php\/wp-json\/wp\/v2\/pages\/123","targetHints":{"allow":["GET"]}}],"collection":[{"href":"https:\/\/quaranteneuftrois.net\/index.php\/wp-json\/wp\/v2\/pages"}],"about":[{"href":"https:\/\/quaranteneuftrois.net\/index.php\/wp-json\/wp\/v2\/types\/page"}],"author":[{"embeddable":true,"href":"https:\/\/quaranteneuftrois.net\/index.php\/wp-json\/wp\/v2\/users\/1"}],"replies":[{"embeddable":true,"href":"https:\/\/quaranteneuftrois.net\/index.php\/wp-json\/wp\/v2\/comments?post=123"}],"version-history":[{"count":11,"href":"https:\/\/quaranteneuftrois.net\/index.php\/wp-json\/wp\/v2\/pages\/123\/revisions"}],"predecessor-version":[{"id":456,"href":"https:\/\/quaranteneuftrois.net\/index.php\/wp-json\/wp\/v2\/pages\/123\/revisions\/456"}],"wp:attachment":[{"href":"https:\/\/quaranteneuftrois.net\/index.php\/wp-json\/wp\/v2\/media?parent=123"}],"curies":[{"name":"wp","href":"https:\/\/api.w.org\/{rel}","templated":true}]}}