{"id":121,"date":"2022-11-10T17:37:45","date_gmt":"2022-11-10T16:37:45","guid":{"rendered":"http:\/\/quaranteneuftrois.net\/?page_id=121"},"modified":"2024-01-16T02:15:39","modified_gmt":"2024-01-16T01:15:39","slug":"programmation","status":"publish","type":"page","link":"https:\/\/quaranteneuftrois.net\/index.php\/programmation\/","title":{"rendered":"programmation"},"content":{"rendered":"<p><\/p>\n<h3><img decoding=\"async\" src=\"http:\/\/quaranteneuftrois.net\/wp-content\/uploads\/2019\/12\/P1070296-1024x768.jpg\" alt=\"\" \/><\/h3>\n<p><\/p>\n<p><\/p>\n<h3><strong>0001 Bruits<br \/><\/strong><\/h3>\n<p>Tout ce qui est plus ou moins bruitiste, disons entre pan sonic, Merzbrow et alva noto, en passant par du bruit parfois difficile, mais toujours curieux.<\/p>\n<p><\/p>\n<p><\/p>\n<h3><strong>0103 Ambient<\/strong><\/h3>\n<p>Nous pourrions dire sans doute par rapport aux bruitistes que c&rsquo;est plus doux, plus planant, mais ce n&rsquo;est pas toujours \u00e9vident. De toute fa\u00e7on, ces cat\u00e9gorisations ont \u00e9t\u00e9 cr\u00e9\u00e9es il y a bien longtemps et certaines m\u00e9riteraient de changer de cat\u00e9gorie. Mais c&rsquo;est tellement fastidieux.<\/p>\n<p><\/p>\n<p><\/p>\n<p><\/p>\n<p><\/p>\n<p><\/p>\n<p><\/p>\n<h3><strong>0607 tout ou presque<\/strong><\/h3>\n<p>O\u00f9 se trouve quasiment tout ce qui r\u00e9side dans le disque dur et le dj automatique de Radio Dj fait le boulot et de temps en temps les associations qu&rsquo;il propose sont mieux que celles que nous pourrions penser, ou que nous n&rsquo;aurions jamais pens\u00e9es.<\/p>\n<h3><strong>0700 Contemporaines<\/strong><\/h3>\n<p>Musiques contemporaines et \u00e9lectroacoustiques essentiellement, avec quelques \u00e9chapp\u00e9es classiques occasionnellement.<\/p>\n<p><\/p>\n<p><\/p>\n<h3><strong>0906 Rock &amp; folk<br \/><\/strong><\/h3>\n<p>M\u00eame si parfois, on y retrouve des morceaux d&rsquo;anthologie, on ne se corrige tout de m\u00eame pas tout \u00e0 fait, ce sont des morceaux que nous pourrions qualifier de rock et folk nouveaux donc d\u00e9cal\u00e9s.<\/p>\n<p><\/p>\n<p><\/p>\n<h3><strong>1107 Presque tout<\/strong><\/h3>\n<p><\/p>\n<p><\/p>\n<h3><strong>1302 Rap\/techno<\/strong><\/h3>\n<p>Ce n&rsquo;est pas la musique la plus repr\u00e9sent\u00e9e, mais \u00e0 y regarder de plus pr\u00e8s, c&rsquo;est sacr\u00e9ment int\u00e9ressant.<\/p>\n<h3><strong>1404 Jazzy<\/strong><\/h3>\n<p><\/p>\n<p><\/p>\n<p>Musiques improvis\u00e9es, standards et quelques curiosit\u00e9s.<\/p>\n<h3><strong>1510 nouvelles<\/strong><\/h3>\n<p>Le plus grand fourre tout de ce fichier, de l&rsquo;inclassable au nouveau ancien qui est rest\u00e9 nouveau (faute d&rsquo;\u00eatre \u00e9cout\u00e9) en passant par le nouveau nouveau. Pour les curieux.<\/p>\n<p>\u00a0<\/p>\n<p><\/p>\n<p><\/p>\n<p><\/p>\n<p><\/p>\n<h3><strong>1609 La totale<br \/><\/strong><\/h3>\n<p>Tout l&rsquo;entrep\u00f4t en al\u00e9atoire&#8230;<\/p>\n<p><\/p>\n<p><\/p>\n<h3><strong>1902 technorap<\/strong><\/h3>\n<p><\/p>\n<p><\/p>\n<h3><strong>2000 Rock &amp; folk<\/strong><\/h3>\n<p><\/p>\n<p><\/p>\n<h3><strong>2201 le<\/strong> bruit<strong> continue<\/strong><\/h3>\n<p><strong>\u00a0<\/strong><\/p>\n<p><\/p>\n<p><\/p>\n<figure><img decoding=\"async\" src=\"http:\/\/quaranteneuftrois.net\/wp-content\/uploads\/2019\/12\/P1040741-1024x768.jpg\" alt=\"\" \/>\n<p>\u00a0<\/p>\n<p><strong>Et quand j&rsquo;y pense, quelques playlists seront pos\u00e9es l\u00e0, qui seront fastidieuses \u00e0 lire. <br \/>Si vous voulez savoir quel morceau est pass\u00e9 \u00e0 telle heure, tel jour, un mail et je devrais le retrouver si nos montres sont bien r\u00e9gl\u00e9es et compatibles.<\/strong><\/p>\n\n<\/figure>\n<p><\/p>","protected":false},"excerpt":{"rendered":"<p>0001 Bruits Tout ce qui est plus ou moins bruitiste, disons entre pan sonic, Merzbrow et alva noto, en passant par du bruit parfois difficile, mais toujours curieux. 0103 Ambient Nous pourrions dire sans doute par rapport aux bruitistes que c&rsquo;est plus doux, plus planant, mais ce n&rsquo;est pas toujours \u00e9vident. De toute fa\u00e7on, ces [&hellip;]<\/p>\n","protected":false},"author":1,"featured_media":0,"parent":0,"menu_order":0,"comment_status":"open","ping_status":"closed","template":"","meta":{"footnotes":""},"class_list":["post-121","page","type-page","status-publish","hentry"],"_links":{"self":[{"href":"https:\/\/quaranteneuftrois.net\/index.php\/wp-json\/wp\/v2\/pages\/121","targetHints":{"allow":["GET"]}}],"collection":[{"href":"https:\/\/quaranteneuftrois.net\/index.php\/wp-json\/wp\/v2\/pages"}],"about":[{"href":"https:\/\/quaranteneuftrois.net\/index.php\/wp-json\/wp\/v2\/types\/page"}],"author":[{"embeddable":true,"href":"https:\/\/quaranteneuftrois.net\/index.php\/wp-json\/wp\/v2\/users\/1"}],"replies":[{"embeddable":true,"href":"https:\/\/quaranteneuftrois.net\/index.php\/wp-json\/wp\/v2\/comments?post=121"}],"version-history":[{"count":40,"href":"https:\/\/quaranteneuftrois.net\/index.php\/wp-json\/wp\/v2\/pages\/121\/revisions"}],"predecessor-version":[{"id":452,"href":"https:\/\/quaranteneuftrois.net\/index.php\/wp-json\/wp\/v2\/pages\/121\/revisions\/452"}],"wp:attachment":[{"href":"https:\/\/quaranteneuftrois.net\/index.php\/wp-json\/wp\/v2\/media?parent=121"}],"curies":[{"name":"wp","href":"https:\/\/api.w.org\/{rel}","templated":true}]}}